{"id":10,"date":"2023-08-15T02:32:07","date_gmt":"2023-08-15T02:32:07","guid":{"rendered":"https:\/\/abrahamdrawings.com\/?page_id=10"},"modified":"2023-10-09T13:05:02","modified_gmt":"2023-10-09T18:05:02","slug":"impartition","status":"publish","type":"page","link":"https:\/\/abrahamdrawings.com\/en\/impartition\/","title":{"rendered":"Outsourcing"},"content":{"rendered":"<div id=\"fws_69e0699f627a1\"  data-column-margin=\"default\" data-midnight=\"dark\"  class=\"wpb_row vc_row-fluid vc_row full-width-section\"  style=\"padding-top: 100px; padding-bottom: 70px; \"><div class=\"row-bg-wrap\" data-bg-animation=\"none\" data-bg-animation-delay=\"\" data-bg-overlay=\"false\"><div class=\"inner-wrap row-bg-layer\" ><div class=\"row-bg viewport-desktop\"  style=\"\"><\/div><\/div><\/div><div class=\"nectar-shape-divider-wrap\" style=\" height:75px;\"  data-height=\"75\" data-front=\"\" data-style=\"curve_opacity\" data-position=\"top\" ><svg class=\"nectar-shape-divider\" fill=\"#000000\" xmlns=\"http:\/\/www.w3.org\/2000\/svg\" viewbox=\"0 0 1000 100\" preserveaspectratio=\"none\"> <path d=\"M 0 14 s 88.64 3.48 300 36 c 260 40 514 27 703 -10 l 12 28 l 3 36 h -1018 z\"><\/path> <path d=\"M 0 45 s 271 45.13 500 32 c 157 -9 330 -47 515 -63 v 86 h -1015 z\"><\/path> <path d=\"M 0 58 s 188.29 32 508 32 c 290 0 494 -35 494 -35 v 45 h -1002 z\"><\/path> <\/svg><\/div><div class=\"row_col_wrap_12 col span_12 dark left\">\n\t<div  class=\"vc_col-sm-6 wpb_column column_container vc_column_container col no-extra-padding inherit_tablet inherit_phone\"  data-padding-pos=\"all\" data-has-bg-color=\"false\" data-bg-color=\"\" data-bg-opacity=\"1\" data-animation=\"\" data-delay=\"0\" >\n\t\t<div class=\"vc_column-inner\" >\n\t\t\t<div class=\"wpb_wrapper\">\n\t\t\t\t\n<div class=\"wpb_text_column wpb_content_element  vc_custom_1692145163478\" >\n\t<div class=\"wpb_wrapper\">\n\t\t<h2>Outsourcing<\/h2>\n\t<\/div>\n<\/div>\n\n\n\n\n<div class=\"wpb_text_column wpb_content_element  vc_custom_1695498675816\" >\n\t<div class=\"wpb_wrapper\">\n\t\t<div>\n<p align=\"justify\">We understand that managing technical drawing projects can be demanding and often requires specialized manpower. That's why we offer an outsourcing service (staff leasing) that allows you to simplify your workload by relying on qualified experts. Whether for one-time projects or long-term engagements, our dedicated team is ready to strengthen your workforce and meet your specific needs in technical drawing.<\/p>\n<\/div>\n\t<\/div>\n<\/div>\n\n\n\n\n<div class=\"wpb_text_column wpb_content_element  vc_custom_1692145187623\" >\n\t<div class=\"wpb_wrapper\">\n\t\t<h2>The Benefits<\/h2>\n\t<\/div>\n<\/div>\n\n\n\n\n<div class=\"wpb_text_column wpb_content_element  vc_custom_1695498681842\" >\n\t<div class=\"wpb_wrapper\">\n\t\t<p align=\"justify\">By opting for our outsourcing service, you benefit from several significant advantages. Firstly, we provide highly skilled and experienced professionals in the field of technical drawing. You can rely on their expertise to successfully execute your projects with precision and efficiency.<\/p>\n<p align=\"justify\">Outsourcing offers increased flexibility. You can quickly adjust the size of your technical drawing team based on changing needs, allowing you to manage fluctuations in workload without any additional effort.<\/p>\n<p align=\"justify\">This practice also allows you to focus your internal resources on core activities while delegating technical drawing tasks to external experts. This enhances productivity and efficiency while retaining complete control over your projects.<\/p>\n\t<\/div>\n<\/div>\n\n\n\n\n\t\t\t<\/div> \n\t\t<\/div>\n\t<\/div> \n\n\t<div  class=\"vc_col-sm-6 wpb_column column_container vc_column_container col nectar-sticky-column padding-5-percent padding-12-percent_tablet padding-10-percent_phone\"  data-padding-pos=\"right\" data-has-bg-color=\"false\" data-bg-color=\"\" data-bg-opacity=\"1\" data-animation=\"\" data-delay=\"0\" >\n\t\t<div class=\"vc_column-inner\" >\n\t\t\t<div class=\"wpb_wrapper\">\n\t\t\t\t<div class=\"nectar_cascading_images forced-aspect aspect-4-3\" data-border-radius=\"5px\" data-parallax=\"\" data-parallax-intensity=\"subtle\" data-animation-timing=\"500\"><div class=\"cascading-image\" data-has-img=\"false\" style=\" padding:31%;\" data-max-width=\"100%\" data-max-width-mobile=\"100%\" data-animation=\"grow-in\" data-shadow=\"x_large_depth\"><div class=\"inner-wrap\"><div class=\"bg-layer\" data-scale=\"1.6\" style=\"transform: scale(1.6)\"><div class=\"bg-color\" style=\" -webkit-transform:translateX(25%) translateY(40%) ; -ms-transform:translateX(25%) translateY(40%) ; transform: translateX(25%) translateY(40%) ; background-color: #000000;\" data-has-bg-color=\"true\"><\/div><\/div><\/div><\/div><div class=\"cascading-image\" data-has-img=\"true\" style=\" padding:31%;\" data-max-width=\"100%\" data-max-width-mobile=\"100%\" data-animation=\"grow-in\" data-shadow=\"x_large_depth\"><div class=\"inner-wrap\"><div class=\"bg-layer\" data-scale=\"1.6\" style=\"transform: scale(1.6)\"><div style=\" -webkit-transform:translateX(60%) translateY(90%) ; transform:translateX(60%) translateY(90%) ;\" class=\"img-wrap\"> <img loading=\"lazy\" decoding=\"async\" src=\"https:\/\/abrahamdrawings.com\/wp-content\/uploads\/2023\/08\/gestion-du-temps-et-des-priorites.jpg\" srcset=\"https:\/\/abrahamdrawings.com\/wp-content\/uploads\/2023\/08\/gestion-du-temps-et-des-priorites.jpg 640w, https:\/\/abrahamdrawings.com\/wp-content\/uploads\/2023\/08\/gestion-du-temps-et-des-priorites-300x200.jpg 300w\" sizes=\"auto, (min-width: 1000px) 45vw, 100vw\" height=\"426\" width=\"640\" class=\"skip-lazy\" alt=\"\" \/> <\/div><\/div><\/div><\/div><div class=\"cascading-image\" data-has-img=\"true\" style=\" padding:31%;\" data-max-width=\"100%\" data-max-width-mobile=\"100%\" data-animation=\"grow-in\" data-shadow=\"x_large_depth\"><div class=\"inner-wrap\"><div class=\"bg-layer\" data-scale=\"1.6\" style=\"transform: scale(1.6)\"><div style=\" -webkit-transform:translateX(-15%) translateY(-40%) ; transform:translateX(-15%) translateY(-40%) ;\" class=\"img-wrap\"> <img loading=\"lazy\" decoding=\"async\" src=\"https:\/\/abrahamdrawings.com\/wp-content\/uploads\/2023\/08\/visuel-travailler-ressources-pourquoi-humaines.jpg\" srcset=\"https:\/\/abrahamdrawings.com\/wp-content\/uploads\/2023\/08\/visuel-travailler-ressources-pourquoi-humaines.jpg 1024w, https:\/\/abrahamdrawings.com\/wp-content\/uploads\/2023\/08\/visuel-travailler-ressources-pourquoi-humaines-300x200.jpg 300w, https:\/\/abrahamdrawings.com\/wp-content\/uploads\/2023\/08\/visuel-travailler-ressources-pourquoi-humaines-768x512.jpg 768w, https:\/\/abrahamdrawings.com\/wp-content\/uploads\/2023\/08\/visuel-travailler-ressources-pourquoi-humaines-900x600.jpg 900w\" sizes=\"auto, (min-width: 1000px) 45vw, 100vw\" height=\"682\" width=\"1024\" class=\"skip-lazy\" alt=\"\" \/> <\/div><\/div><\/div><\/div><\/div>\n\t\t\t<\/div> \n\t\t<\/div>\n\t<\/div> \n<\/div><\/div>\n\t\t<div id=\"fws_69e0699f63266\"  data-column-margin=\"default\" data-midnight=\"dark\"  class=\"wpb_row vc_row-fluid vc_row full-width-section  top_margin_0px right_margin_0px bottom_margin_0px left_margin_0px right_padding_0px left_padding_0px\"  style=\"padding-top: 0px; padding-bottom: 0px; \"><div class=\"row-bg-wrap\" data-bg-animation=\"none\" data-bg-animation-delay=\"\" data-bg-overlay=\"false\"><div class=\"inner-wrap row-bg-layer\" ><div class=\"row-bg viewport-desktop using-bg-color\"  style=\"background-color: #d6caba; \"><\/div><\/div><\/div><div class=\"nectar-shape-divider-wrap\" style=\" height:100px;\"  data-height=\"100\" data-front=\"true\" data-style=\"fan\" data-position=\"top\" ><svg class=\"nectar-shape-divider\" aria-hidden=\"true\" fill=\"#000000\" xmlns=\"http:\/\/www.w3.org\/2000\/svg\" viewbox=\"0 0 1003.92 91\" preserveaspectratio=\"none\"> <polygon class=\"cls-1\" points=\"502.46 46.31 1 85.67 1 91.89 1002.91 91.89 1002.91 85.78 502.46 46.31\"\/><polygon class=\"cls-2\" points=\"502.46 45.8 1 0 1 91.38 1002.91 91.38 1002.91 0.1 502.46 45.8\"\/><rect class=\"cls-3\" y=\"45.81\" width=\"1003.92\" height=\"46.09\"\/>\n          <\/svg><\/div><div class=\"row_col_wrap_12 col span_12 dark left\">\n\t<div  class=\"vc_col-sm-12 wpb_column column_container vc_column_container col no-extra-padding inherit_tablet inherit_phone\"  data-padding-pos=\"all\" data-has-bg-color=\"false\" data-bg-color=\"\" data-bg-opacity=\"1\" data-animation=\"\" data-delay=\"0\" >\n\t\t<div class=\"vc_column-inner\" >\n\t\t\t<div class=\"wpb_wrapper\">\n\t\t\t\t<div class=\"divider-wrap\" data-alignment=\"default\"><div style=\"height: 100px;\" class=\"divider\"><\/div><\/div>\n\t\t\t<\/div> \n\t\t<\/div>\n\t<\/div> \n<\/div><\/div>","protected":false},"excerpt":{"rendered":"Impartition Nous comprenons que la gestion des projets de dessin technique peut \u00eatre exigeante et n\u00e9cessite souvent une main-d'\u0153uvre sp\u00e9cialis\u00e9e. C'est pourquoi nous proposons un service d'impartition (location de personnel)...","protected":false},"author":1,"featured_media":0,"parent":0,"menu_order":0,"comment_status":"closed","ping_status":"closed","template":"","meta":{"_monsterinsights_skip_tracking":false,"_monsterinsights_sitenote_active":false,"_monsterinsights_sitenote_note":"","_monsterinsights_sitenote_category":0,"footnotes":""},"class_list":["post-10","page","type-page","status-publish"],"yoast_head":"<!-- This site is optimized with the Yoast SEO plugin v27.4 - https:\/\/yoast.com\/product\/yoast-seo-wordpress\/ -->\n<title>Abraham Drawings - Impartition<\/title>\n<meta name=\"description\" content=\"Impartition - La gestion des projets de dessin technique peut \u00eatre exigeante et n\u00e9cessite souvent une main-d\u2019\u0153uvre sp\u00e9cialis\u00e9e\" \/>\n<meta name=\"robots\" content=\"index, follow, max-snippet:-1, max-image-preview:large, max-video-preview:-1\" \/>\n<link rel=\"canonical\" href=\"https:\/\/abrahamdrawings.com\/en\/impartition\/\" \/>\n<meta property=\"og:locale\" content=\"en_US\" \/>\n<meta property=\"og:type\" content=\"article\" \/>\n<meta property=\"og:title\" content=\"Abraham Drawings - Impartition\" \/>\n<meta property=\"og:description\" content=\"Impartition - La gestion des projets de dessin technique peut \u00eatre exigeante et n\u00e9cessite souvent une main-d\u2019\u0153uvre sp\u00e9cialis\u00e9e\" \/>\n<meta property=\"og:url\" content=\"https:\/\/abrahamdrawings.com\/en\/impartition\/\" \/>\n<meta property=\"og:site_name\" content=\"Abraham Drawings\" \/>\n<meta property=\"article:modified_time\" content=\"2023-10-09T18:05:02+00:00\" \/>\n<meta name=\"twitter:card\" content=\"summary_large_image\" \/>\n<meta name=\"twitter:label1\" content=\"Est. reading time\" \/>\n\t<meta name=\"twitter:data1\" content=\"3 minutes\" \/>\n<script type=\"application\/ld+json\" class=\"yoast-schema-graph\">{\"@context\":\"https:\\\/\\\/schema.org\",\"@graph\":[{\"@type\":\"WebPage\",\"@id\":\"https:\\\/\\\/abrahamdrawings.com\\\/impartition\\\/\",\"url\":\"https:\\\/\\\/abrahamdrawings.com\\\/impartition\\\/\",\"name\":\"Abraham Drawings - Impartition\",\"isPartOf\":{\"@id\":\"https:\\\/\\\/abrahamdrawings.com\\\/#website\"},\"datePublished\":\"2023-08-15T02:32:07+00:00\",\"dateModified\":\"2023-10-09T18:05:02+00:00\",\"description\":\"Impartition - La gestion des projets de dessin technique peut \u00eatre exigeante et n\u00e9cessite souvent une main-d\u2019\u0153uvre sp\u00e9cialis\u00e9e\",\"breadcrumb\":{\"@id\":\"https:\\\/\\\/abrahamdrawings.com\\\/impartition\\\/#breadcrumb\"},\"inLanguage\":\"en-US\",\"potentialAction\":[{\"@type\":\"ReadAction\",\"target\":[\"https:\\\/\\\/abrahamdrawings.com\\\/impartition\\\/\"]}]},{\"@type\":\"BreadcrumbList\",\"@id\":\"https:\\\/\\\/abrahamdrawings.com\\\/impartition\\\/#breadcrumb\",\"itemListElement\":[{\"@type\":\"ListItem\",\"position\":1,\"name\":\"Accueil\",\"item\":\"https:\\\/\\\/abrahamdrawings.com\\\/\"},{\"@type\":\"ListItem\",\"position\":2,\"name\":\"Impartition\"}]},{\"@type\":\"WebSite\",\"@id\":\"https:\\\/\\\/abrahamdrawings.com\\\/#website\",\"url\":\"https:\\\/\\\/abrahamdrawings.com\\\/\",\"name\":\"Abraham Drawings Centre de Dessin Technique\",\"description\":\"Centre de dessin technique\",\"publisher\":{\"@id\":\"https:\\\/\\\/abrahamdrawings.com\\\/#organization\"},\"alternateName\":\"Abraham Drawings\",\"potentialAction\":[{\"@type\":\"SearchAction\",\"target\":{\"@type\":\"EntryPoint\",\"urlTemplate\":\"https:\\\/\\\/abrahamdrawings.com\\\/?s={search_term_string}\"},\"query-input\":{\"@type\":\"PropertyValueSpecification\",\"valueRequired\":true,\"valueName\":\"search_term_string\"}}],\"inLanguage\":\"en-US\"},{\"@type\":\"Organization\",\"@id\":\"https:\\\/\\\/abrahamdrawings.com\\\/#organization\",\"name\":\"Abraham Drawings Centre de Dessin Technique\",\"url\":\"https:\\\/\\\/abrahamdrawings.com\\\/\",\"logo\":{\"@type\":\"ImageObject\",\"inLanguage\":\"en-US\",\"@id\":\"https:\\\/\\\/abrahamdrawings.com\\\/#\\\/schema\\\/logo\\\/image\\\/\",\"url\":\"https:\\\/\\\/abrahamdrawings.com\\\/wp-content\\\/uploads\\\/2023\\\/09\\\/logo_main.png\",\"contentUrl\":\"https:\\\/\\\/abrahamdrawings.com\\\/wp-content\\\/uploads\\\/2023\\\/09\\\/logo_main.png\",\"width\":786,\"height\":507,\"caption\":\"Abraham Drawings Centre de Dessin Technique\"},\"image\":{\"@id\":\"https:\\\/\\\/abrahamdrawings.com\\\/#\\\/schema\\\/logo\\\/image\\\/\"}}]}<\/script>\n<!-- \/ Yoast SEO plugin. -->","yoast_head_json":{"title":"Abraham Drawings - Impartition","description":"Impartition - La gestion des projets de dessin technique peut \u00eatre exigeante et n\u00e9cessite souvent une main-d\u2019\u0153uvre sp\u00e9cialis\u00e9e","robots":{"index":"index","follow":"follow","max-snippet":"max-snippet:-1","max-image-preview":"max-image-preview:large","max-video-preview":"max-video-preview:-1"},"canonical":"https:\/\/abrahamdrawings.com\/en\/impartition\/","og_locale":"en_US","og_type":"article","og_title":"Abraham Drawings - Impartition","og_description":"Impartition - La gestion des projets de dessin technique peut \u00eatre exigeante et n\u00e9cessite souvent une main-d\u2019\u0153uvre sp\u00e9cialis\u00e9e","og_url":"https:\/\/abrahamdrawings.com\/en\/impartition\/","og_site_name":"Abraham Drawings","article_modified_time":"2023-10-09T18:05:02+00:00","twitter_card":"summary_large_image","twitter_misc":{"Est. reading time":"3 minutes"},"schema":{"@context":"https:\/\/schema.org","@graph":[{"@type":"WebPage","@id":"https:\/\/abrahamdrawings.com\/impartition\/","url":"https:\/\/abrahamdrawings.com\/impartition\/","name":"Abraham Drawings - Impartition","isPartOf":{"@id":"https:\/\/abrahamdrawings.com\/#website"},"datePublished":"2023-08-15T02:32:07+00:00","dateModified":"2023-10-09T18:05:02+00:00","description":"Impartition - La gestion des projets de dessin technique peut \u00eatre exigeante et n\u00e9cessite souvent une main-d\u2019\u0153uvre sp\u00e9cialis\u00e9e","breadcrumb":{"@id":"https:\/\/abrahamdrawings.com\/impartition\/#breadcrumb"},"inLanguage":"en-US","potentialAction":[{"@type":"ReadAction","target":["https:\/\/abrahamdrawings.com\/impartition\/"]}]},{"@type":"BreadcrumbList","@id":"https:\/\/abrahamdrawings.com\/impartition\/#breadcrumb","itemListElement":[{"@type":"ListItem","position":1,"name":"Accueil","item":"https:\/\/abrahamdrawings.com\/"},{"@type":"ListItem","position":2,"name":"Impartition"}]},{"@type":"WebSite","@id":"https:\/\/abrahamdrawings.com\/#website","url":"https:\/\/abrahamdrawings.com\/","name":"Abraham Drawings Centre de Dessin Technique","description":"Centre de dessin technique","publisher":{"@id":"https:\/\/abrahamdrawings.com\/#organization"},"alternateName":"Abraham Drawings","potentialAction":[{"@type":"SearchAction","target":{"@type":"EntryPoint","urlTemplate":"https:\/\/abrahamdrawings.com\/?s={search_term_string}"},"query-input":{"@type":"PropertyValueSpecification","valueRequired":true,"valueName":"search_term_string"}}],"inLanguage":"en-US"},{"@type":"Organization","@id":"https:\/\/abrahamdrawings.com\/#organization","name":"Abraham Drawings Centre de Dessin Technique","url":"https:\/\/abrahamdrawings.com\/","logo":{"@type":"ImageObject","inLanguage":"en-US","@id":"https:\/\/abrahamdrawings.com\/#\/schema\/logo\/image\/","url":"https:\/\/abrahamdrawings.com\/wp-content\/uploads\/2023\/09\/logo_main.png","contentUrl":"https:\/\/abrahamdrawings.com\/wp-content\/uploads\/2023\/09\/logo_main.png","width":786,"height":507,"caption":"Abraham Drawings Centre de Dessin Technique"},"image":{"@id":"https:\/\/abrahamdrawings.com\/#\/schema\/logo\/image\/"}}]}},"_links":{"self":[{"href":"https:\/\/abrahamdrawings.com\/en\/wp-json\/wp\/v2\/pages\/10","targetHints":{"allow":["GET"]}}],"collection":[{"href":"https:\/\/abrahamdrawings.com\/en\/wp-json\/wp\/v2\/pages"}],"about":[{"href":"https:\/\/abrahamdrawings.com\/en\/wp-json\/wp\/v2\/types\/page"}],"author":[{"embeddable":true,"href":"https:\/\/abrahamdrawings.com\/en\/wp-json\/wp\/v2\/users\/1"}],"replies":[{"embeddable":true,"href":"https:\/\/abrahamdrawings.com\/en\/wp-json\/wp\/v2\/comments?post=10"}],"version-history":[{"count":5,"href":"https:\/\/abrahamdrawings.com\/en\/wp-json\/wp\/v2\/pages\/10\/revisions"}],"predecessor-version":[{"id":354,"href":"https:\/\/abrahamdrawings.com\/en\/wp-json\/wp\/v2\/pages\/10\/revisions\/354"}],"wp:attachment":[{"href":"https:\/\/abrahamdrawings.com\/en\/wp-json\/wp\/v2\/media?parent=10"}],"curies":[{"name":"wp","href":"https:\/\/api.w.org\/{rel}","templated":true}]}}