{"id":11,"date":"2023-08-15T02:32:07","date_gmt":"2023-08-15T02:32:07","guid":{"rendered":"https:\/\/abrahamdrawings.com\/?page_id=11"},"modified":"2023-10-09T13:04:37","modified_gmt":"2023-10-09T18:04:37","slug":"formation","status":"publish","type":"page","link":"https:\/\/abrahamdrawings.com\/en\/formation\/","title":{"rendered":"Training"},"content":{"rendered":"<div id=\"fws_69e069103c841\"  data-column-margin=\"default\" data-midnight=\"dark\"  class=\"wpb_row vc_row-fluid vc_row full-width-section\"  style=\"padding-top: 100px; padding-bottom: 70px; \"><div class=\"row-bg-wrap\" data-bg-animation=\"none\" data-bg-animation-delay=\"\" data-bg-overlay=\"false\"><div class=\"inner-wrap row-bg-layer\" ><div class=\"row-bg viewport-desktop\"  style=\"\"><\/div><\/div><\/div><div class=\"nectar-shape-divider-wrap\" style=\" height:75px;\"  data-height=\"75\" data-front=\"\" data-style=\"curve_opacity\" data-position=\"top\" ><svg class=\"nectar-shape-divider\" fill=\"#000000\" xmlns=\"http:\/\/www.w3.org\/2000\/svg\" viewbox=\"0 0 1000 100\" preserveaspectratio=\"none\"> <path d=\"M 0 14 s 88.64 3.48 300 36 c 260 40 514 27 703 -10 l 12 28 l 3 36 h -1018 z\"><\/path> <path d=\"M 0 45 s 271 45.13 500 32 c 157 -9 330 -47 515 -63 v 86 h -1015 z\"><\/path> <path d=\"M 0 58 s 188.29 32 508 32 c 290 0 494 -35 494 -35 v 45 h -1002 z\"><\/path> <\/svg><\/div><div class=\"row_col_wrap_12 col span_12 dark left\">\n\t<div  class=\"vc_col-sm-6 wpb_column column_container vc_column_container col no-extra-padding inherit_tablet inherit_phone\"  data-padding-pos=\"all\" data-has-bg-color=\"false\" data-bg-color=\"\" data-bg-opacity=\"1\" data-animation=\"\" data-delay=\"0\" >\n\t\t<div class=\"vc_column-inner\" >\n\t\t\t<div class=\"wpb_wrapper\">\n\t\t\t\t\n<div class=\"wpb_text_column wpb_content_element  vc_custom_1692145643846\" >\n\t<div class=\"wpb_wrapper\">\n\t\t<h2>SolidWorks Training<\/h2>\n\t<\/div>\n<\/div>\n\n\n\n\n<div class=\"wpb_text_column wpb_content_element  vc_custom_1695499039401\" >\n\t<div class=\"wpb_wrapper\">\n\t\t<div>\n<p align=\"justify\">We are committed to helping you acquire the essential skills to excel in the field of 3D design. That's why we offer comprehensive training services on the powerful SolidWorks drawing software, a tool used by professionals worldwide to design innovative and high-quality products.<\/p>\n<\/div>\n\t<\/div>\n<\/div>\n\n\n\n\n<div class=\"wpb_text_column wpb_content_element  vc_custom_1695499091556\" >\n\t<div class=\"wpb_wrapper\">\n\t\t<h2>Approche P\u00e9dagogique<\/h2>\n\t<\/div>\n<\/div>\n\n\n\n\n<div class=\"wpb_text_column wpb_content_element  vc_custom_1695499046644\" >\n\t<div class=\"wpb_wrapper\">\n\t\t<p align=\"justify\">We believe in the power of collaboration. As a trusted partner, we work closely with your team to understand your specific needs in technical drawing. Whether you require temporary support for a specific project or seek to fully outsource your technical drawing workload, we are here to     provide flexible solutions that cater to your requirements.<\/p>\n\t<\/div>\n<\/div>\n\n\n\n\n\t\t\t<\/div> \n\t\t<\/div>\n\t<\/div> \n\n\t<div  class=\"vc_col-sm-6 wpb_column column_container vc_column_container col has-animation padding-5-percent right_margin_0px left_margin_0px padding-15-percent_tablet padding-12-percent_phone\"  data-padding-pos=\"right\" data-has-bg-color=\"false\" data-bg-color=\"\" data-bg-opacity=\"1\" data-animation=\"grow-in\" data-delay=\"800\" >\n\t\t<div class=\"vc_column-inner\" >\n\t\t\t<div class=\"wpb_wrapper\">\n\t\t\t\t<div class=\"nectar_cascading_images forced-aspect aspect-4-3\" data-border-radius=\"5px\" data-parallax=\"\" data-parallax-intensity=\"subtle\" data-animation-timing=\"175\"><div class=\"cascading-image\" data-has-img=\"false\" style=\" padding:27%;\" data-max-width=\"100%\" data-max-width-mobile=\"100%\" data-animation=\"fade-in\" data-shadow=\"x_large_depth\"><div class=\"inner-wrap\"><div class=\"bg-layer\" data-scale=\"1.2\" style=\"transform: scale(1.2)\"><div class=\"bg-color\" style=\" -webkit-transform:translateX(25%) translateY(40%) ; -ms-transform:translateX(25%) translateY(40%) ; transform: translateX(25%) translateY(40%) ; background-color: #000000;\" data-has-bg-color=\"true\"><\/div><\/div><\/div><\/div><div class=\"cascading-image\" data-has-img=\"true\" style=\" padding:27%;\" data-max-width=\"100%\" data-max-width-mobile=\"100%\" data-animation=\"fade-in\" data-shadow=\"x_large_depth\"><div class=\"inner-wrap\"><div class=\"bg-layer\" data-scale=\"1.3\" style=\"transform: scale(1.3)\"><div style=\" -webkit-transform:translateX(75%) translateY(75%) ; transform:translateX(75%) translateY(75%) ;\" class=\"img-wrap\"> <img loading=\"lazy\" decoding=\"async\" src=\"https:\/\/abrahamdrawings.com\/wp-content\/uploads\/2023\/08\/teaching3.png\" srcset=\"https:\/\/abrahamdrawings.com\/wp-content\/uploads\/2023\/08\/teaching3.png 500w, https:\/\/abrahamdrawings.com\/wp-content\/uploads\/2023\/08\/teaching3-300x200.png 300w\" sizes=\"auto, (min-width: 1000px) 45vw, 100vw\" height=\"333\" width=\"500\" class=\"skip-lazy\" alt=\"\" \/> <\/div><\/div><\/div><\/div><div class=\"cascading-image\" data-has-img=\"true\" style=\" padding:27%;\" data-max-width=\"100%\" data-max-width-mobile=\"100%\" data-animation=\"fade-in\" data-shadow=\"x_large_depth\"><div class=\"inner-wrap\"><div class=\"bg-layer\" data-scale=\"1.3\" style=\"transform: scale(1.3)\"><div style=\" -webkit-transform:translateX(-25%) translateY(-40%) ; transform:translateX(-25%) translateY(-40%) ;\" class=\"img-wrap\"> <img loading=\"lazy\" decoding=\"async\" src=\"https:\/\/abrahamdrawings.com\/wp-content\/uploads\/2023\/09\/3.jpg\" srcset=\"https:\/\/abrahamdrawings.com\/wp-content\/uploads\/2023\/09\/3.jpg 620w, https:\/\/abrahamdrawings.com\/wp-content\/uploads\/2023\/09\/3-300x223.jpg 300w, https:\/\/abrahamdrawings.com\/wp-content\/uploads\/2023\/09\/3-16x12.jpg 16w\" sizes=\"auto, (min-width: 1000px) 45vw, 100vw\" height=\"460\" width=\"620\" class=\"skip-lazy\" alt=\"\" \/> <\/div><\/div><\/div><\/div><\/div>\n\t\t\t<\/div> \n\t\t<\/div>\n\t<\/div> \n<\/div><\/div>\n\t\t<div id=\"fws_69e069103d205\"  data-column-margin=\"default\" data-midnight=\"dark\"  class=\"wpb_row vc_row-fluid vc_row full-width-section  top_margin_0px right_margin_0px bottom_margin_0px left_margin_0px right_padding_0px left_padding_0px\"  style=\"padding-top: 0px; padding-bottom: 0px; \"><div class=\"row-bg-wrap\" data-bg-animation=\"none\" data-bg-animation-delay=\"\" data-bg-overlay=\"false\"><div class=\"inner-wrap row-bg-layer\" ><div class=\"row-bg viewport-desktop using-bg-color\"  style=\"background-color: #d6caba; \"><\/div><\/div><\/div><div class=\"nectar-shape-divider-wrap\" style=\" height:100px;\"  data-height=\"100\" data-front=\"true\" data-style=\"fan\" data-position=\"top\" ><svg class=\"nectar-shape-divider\" aria-hidden=\"true\" fill=\"#000000\" xmlns=\"http:\/\/www.w3.org\/2000\/svg\" viewbox=\"0 0 1003.92 91\" preserveaspectratio=\"none\"> <polygon class=\"cls-1\" points=\"502.46 46.31 1 85.67 1 91.89 1002.91 91.89 1002.91 85.78 502.46 46.31\"\/><polygon class=\"cls-2\" points=\"502.46 45.8 1 0 1 91.38 1002.91 91.38 1002.91 0.1 502.46 45.8\"\/><rect class=\"cls-3\" y=\"45.81\" width=\"1003.92\" height=\"46.09\"\/>\n          <\/svg><\/div><div class=\"row_col_wrap_12 col span_12 dark left\">\n\t<div  class=\"vc_col-sm-12 wpb_column column_container vc_column_container col no-extra-padding inherit_tablet inherit_phone\"  data-padding-pos=\"all\" data-has-bg-color=\"false\" data-bg-color=\"\" data-bg-opacity=\"1\" data-animation=\"\" data-delay=\"0\" >\n\t\t<div class=\"vc_column-inner\" >\n\t\t\t<div class=\"wpb_wrapper\">\n\t\t\t\t<div class=\"divider-wrap\" data-alignment=\"default\"><div style=\"height: 100px;\" class=\"divider\"><\/div><\/div>\n\t\t\t<\/div> \n\t\t<\/div>\n\t<\/div> \n<\/div><\/div>","protected":false},"excerpt":{"rendered":"Formation SolidWorks Nous sommes d\u00e9termin\u00e9s \u00e0 vous aider \u00e0 acqu\u00e9rir les comp\u00e9tences essentielles pour exceller dans le domaine de la conception 3D. C'est pourquoi nous proposons des services de formation...","protected":false},"author":1,"featured_media":0,"parent":0,"menu_order":0,"comment_status":"closed","ping_status":"closed","template":"","meta":{"_monsterinsights_skip_tracking":false,"_monsterinsights_sitenote_active":false,"_monsterinsights_sitenote_note":"","_monsterinsights_sitenote_category":0,"footnotes":""},"class_list":["post-11","page","type-page","status-publish"],"yoast_head":"<!-- This site is optimized with the Yoast SEO plugin v27.4 - https:\/\/yoast.com\/product\/yoast-seo-wordpress\/ -->\n<title>Abraham Drawings - Formation %<\/title>\n<meta name=\"description\" content=\"Nous proposons des services de formation complets sur le logiciel de dessin SolidWorks, un outil puissant utilis\u00e9 par les professionnels.\" \/>\n<meta name=\"robots\" content=\"index, follow, max-snippet:-1, max-image-preview:large, max-video-preview:-1\" \/>\n<link rel=\"canonical\" href=\"https:\/\/abrahamdrawings.com\/en\/formation\/\" \/>\n<meta property=\"og:locale\" content=\"en_US\" \/>\n<meta property=\"og:type\" content=\"article\" \/>\n<meta property=\"og:title\" content=\"Abraham Drawings - Formation %\" \/>\n<meta property=\"og:description\" content=\"Nous proposons des services de formation complets sur le logiciel de dessin SolidWorks, un outil puissant utilis\u00e9 par les professionnels.\" \/>\n<meta property=\"og:url\" content=\"https:\/\/abrahamdrawings.com\/en\/formation\/\" \/>\n<meta property=\"og:site_name\" content=\"Abraham Drawings\" \/>\n<meta property=\"article:modified_time\" content=\"2023-10-09T18:04:37+00:00\" \/>\n<meta name=\"twitter:card\" content=\"summary_large_image\" \/>\n<meta name=\"twitter:label1\" content=\"Est. reading time\" \/>\n\t<meta name=\"twitter:data1\" content=\"2 minutes\" \/>\n<script type=\"application\/ld+json\" class=\"yoast-schema-graph\">{\"@context\":\"https:\\\/\\\/schema.org\",\"@graph\":[{\"@type\":\"WebPage\",\"@id\":\"https:\\\/\\\/abrahamdrawings.com\\\/formation\\\/\",\"url\":\"https:\\\/\\\/abrahamdrawings.com\\\/formation\\\/\",\"name\":\"Abraham Drawings - Formation %\",\"isPartOf\":{\"@id\":\"https:\\\/\\\/abrahamdrawings.com\\\/#website\"},\"datePublished\":\"2023-08-15T02:32:07+00:00\",\"dateModified\":\"2023-10-09T18:04:37+00:00\",\"description\":\"Nous proposons des services de formation complets sur le logiciel de dessin SolidWorks, un outil puissant utilis\u00e9 par les professionnels.\",\"breadcrumb\":{\"@id\":\"https:\\\/\\\/abrahamdrawings.com\\\/formation\\\/#breadcrumb\"},\"inLanguage\":\"en-US\",\"potentialAction\":[{\"@type\":\"ReadAction\",\"target\":[\"https:\\\/\\\/abrahamdrawings.com\\\/formation\\\/\"]}]},{\"@type\":\"BreadcrumbList\",\"@id\":\"https:\\\/\\\/abrahamdrawings.com\\\/formation\\\/#breadcrumb\",\"itemListElement\":[{\"@type\":\"ListItem\",\"position\":1,\"name\":\"Accueil\",\"item\":\"https:\\\/\\\/abrahamdrawings.com\\\/\"},{\"@type\":\"ListItem\",\"position\":2,\"name\":\"Formation\"}]},{\"@type\":\"WebSite\",\"@id\":\"https:\\\/\\\/abrahamdrawings.com\\\/#website\",\"url\":\"https:\\\/\\\/abrahamdrawings.com\\\/\",\"name\":\"Abraham Drawings Centre de Dessin Technique\",\"description\":\"Centre de dessin technique\",\"publisher\":{\"@id\":\"https:\\\/\\\/abrahamdrawings.com\\\/#organization\"},\"alternateName\":\"Abraham Drawings\",\"potentialAction\":[{\"@type\":\"SearchAction\",\"target\":{\"@type\":\"EntryPoint\",\"urlTemplate\":\"https:\\\/\\\/abrahamdrawings.com\\\/?s={search_term_string}\"},\"query-input\":{\"@type\":\"PropertyValueSpecification\",\"valueRequired\":true,\"valueName\":\"search_term_string\"}}],\"inLanguage\":\"en-US\"},{\"@type\":\"Organization\",\"@id\":\"https:\\\/\\\/abrahamdrawings.com\\\/#organization\",\"name\":\"Abraham Drawings Centre de Dessin Technique\",\"url\":\"https:\\\/\\\/abrahamdrawings.com\\\/\",\"logo\":{\"@type\":\"ImageObject\",\"inLanguage\":\"en-US\",\"@id\":\"https:\\\/\\\/abrahamdrawings.com\\\/#\\\/schema\\\/logo\\\/image\\\/\",\"url\":\"https:\\\/\\\/abrahamdrawings.com\\\/wp-content\\\/uploads\\\/2023\\\/09\\\/logo_main.png\",\"contentUrl\":\"https:\\\/\\\/abrahamdrawings.com\\\/wp-content\\\/uploads\\\/2023\\\/09\\\/logo_main.png\",\"width\":786,\"height\":507,\"caption\":\"Abraham Drawings Centre de Dessin Technique\"},\"image\":{\"@id\":\"https:\\\/\\\/abrahamdrawings.com\\\/#\\\/schema\\\/logo\\\/image\\\/\"}}]}<\/script>\n<!-- \/ Yoast SEO plugin. -->","yoast_head_json":{"title":"Abraham Drawings - Formation %","description":"Nous proposons des services de formation complets sur le logiciel de dessin SolidWorks, un outil puissant utilis\u00e9 par les professionnels.","robots":{"index":"index","follow":"follow","max-snippet":"max-snippet:-1","max-image-preview":"max-image-preview:large","max-video-preview":"max-video-preview:-1"},"canonical":"https:\/\/abrahamdrawings.com\/en\/formation\/","og_locale":"en_US","og_type":"article","og_title":"Abraham Drawings - Formation %","og_description":"Nous proposons des services de formation complets sur le logiciel de dessin SolidWorks, un outil puissant utilis\u00e9 par les professionnels.","og_url":"https:\/\/abrahamdrawings.com\/en\/formation\/","og_site_name":"Abraham Drawings","article_modified_time":"2023-10-09T18:04:37+00:00","twitter_card":"summary_large_image","twitter_misc":{"Est. reading time":"2 minutes"},"schema":{"@context":"https:\/\/schema.org","@graph":[{"@type":"WebPage","@id":"https:\/\/abrahamdrawings.com\/formation\/","url":"https:\/\/abrahamdrawings.com\/formation\/","name":"Abraham Drawings - Formation %","isPartOf":{"@id":"https:\/\/abrahamdrawings.com\/#website"},"datePublished":"2023-08-15T02:32:07+00:00","dateModified":"2023-10-09T18:04:37+00:00","description":"Nous proposons des services de formation complets sur le logiciel de dessin SolidWorks, un outil puissant utilis\u00e9 par les professionnels.","breadcrumb":{"@id":"https:\/\/abrahamdrawings.com\/formation\/#breadcrumb"},"inLanguage":"en-US","potentialAction":[{"@type":"ReadAction","target":["https:\/\/abrahamdrawings.com\/formation\/"]}]},{"@type":"BreadcrumbList","@id":"https:\/\/abrahamdrawings.com\/formation\/#breadcrumb","itemListElement":[{"@type":"ListItem","position":1,"name":"Accueil","item":"https:\/\/abrahamdrawings.com\/"},{"@type":"ListItem","position":2,"name":"Formation"}]},{"@type":"WebSite","@id":"https:\/\/abrahamdrawings.com\/#website","url":"https:\/\/abrahamdrawings.com\/","name":"Abraham Drawings Centre de Dessin Technique","description":"Centre de dessin technique","publisher":{"@id":"https:\/\/abrahamdrawings.com\/#organization"},"alternateName":"Abraham Drawings","potentialAction":[{"@type":"SearchAction","target":{"@type":"EntryPoint","urlTemplate":"https:\/\/abrahamdrawings.com\/?s={search_term_string}"},"query-input":{"@type":"PropertyValueSpecification","valueRequired":true,"valueName":"search_term_string"}}],"inLanguage":"en-US"},{"@type":"Organization","@id":"https:\/\/abrahamdrawings.com\/#organization","name":"Abraham Drawings Centre de Dessin Technique","url":"https:\/\/abrahamdrawings.com\/","logo":{"@type":"ImageObject","inLanguage":"en-US","@id":"https:\/\/abrahamdrawings.com\/#\/schema\/logo\/image\/","url":"https:\/\/abrahamdrawings.com\/wp-content\/uploads\/2023\/09\/logo_main.png","contentUrl":"https:\/\/abrahamdrawings.com\/wp-content\/uploads\/2023\/09\/logo_main.png","width":786,"height":507,"caption":"Abraham Drawings Centre de Dessin Technique"},"image":{"@id":"https:\/\/abrahamdrawings.com\/#\/schema\/logo\/image\/"}}]}},"_links":{"self":[{"href":"https:\/\/abrahamdrawings.com\/en\/wp-json\/wp\/v2\/pages\/11","targetHints":{"allow":["GET"]}}],"collection":[{"href":"https:\/\/abrahamdrawings.com\/en\/wp-json\/wp\/v2\/pages"}],"about":[{"href":"https:\/\/abrahamdrawings.com\/en\/wp-json\/wp\/v2\/types\/page"}],"author":[{"embeddable":true,"href":"https:\/\/abrahamdrawings.com\/en\/wp-json\/wp\/v2\/users\/1"}],"replies":[{"embeddable":true,"href":"https:\/\/abrahamdrawings.com\/en\/wp-json\/wp\/v2\/comments?post=11"}],"version-history":[{"count":5,"href":"https:\/\/abrahamdrawings.com\/en\/wp-json\/wp\/v2\/pages\/11\/revisions"}],"predecessor-version":[{"id":355,"href":"https:\/\/abrahamdrawings.com\/en\/wp-json\/wp\/v2\/pages\/11\/revisions\/355"}],"wp:attachment":[{"href":"https:\/\/abrahamdrawings.com\/en\/wp-json\/wp\/v2\/media?parent=11"}],"curies":[{"name":"wp","href":"https:\/\/api.w.org\/{rel}","templated":true}]}}