{"id":9,"date":"2023-08-15T02:32:06","date_gmt":"2023-08-15T02:32:06","guid":{"rendered":"https:\/\/abrahamdrawings.com\/?page_id=9"},"modified":"2023-10-09T13:01:37","modified_gmt":"2023-10-09T18:01:37","slug":"dessin-technique","status":"publish","type":"page","link":"https:\/\/abrahamdrawings.com\/en\/dessin-technique\/","title":{"rendered":"Technical Drawing"},"content":{"rendered":"<div id=\"fws_69e07c8369ced\"  data-column-margin=\"default\" data-midnight=\"dark\"  class=\"wpb_row vc_row-fluid vc_row full-width-section\"  style=\"padding-top: 100px; padding-bottom: 70px; \"><div class=\"row-bg-wrap\" data-bg-animation=\"none\" data-bg-animation-delay=\"\" data-bg-overlay=\"false\"><div class=\"inner-wrap row-bg-layer\" ><div class=\"row-bg viewport-desktop\"  style=\"\"><\/div><\/div><\/div><div class=\"nectar-shape-divider-wrap\" style=\" height:75px;\"  data-height=\"75\" data-front=\"\" data-style=\"curve_opacity\" data-position=\"top\" ><svg class=\"nectar-shape-divider\" fill=\"#000000\" xmlns=\"http:\/\/www.w3.org\/2000\/svg\" viewbox=\"0 0 1000 100\" preserveaspectratio=\"none\"> <path d=\"M 0 14 s 88.64 3.48 300 36 c 260 40 514 27 703 -10 l 12 28 l 3 36 h -1018 z\"><\/path> <path d=\"M 0 45 s 271 45.13 500 32 c 157 -9 330 -47 515 -63 v 86 h -1015 z\"><\/path> <path d=\"M 0 58 s 188.29 32 508 32 c 290 0 494 -35 494 -35 v 45 h -1002 z\"><\/path> <\/svg><\/div><div class=\"row_col_wrap_12 col span_12 dark left\">\n\t<div  class=\"vc_col-sm-6 wpb_column column_container vc_column_container col no-extra-padding inherit_tablet inherit_phone\"  data-padding-pos=\"all\" data-has-bg-color=\"false\" data-bg-color=\"\" data-bg-opacity=\"1\" data-animation=\"\" data-delay=\"0\" >\n\t\t<div class=\"vc_column-inner\" >\n\t\t\t<div class=\"wpb_wrapper\">\n\t\t\t\t\n<div class=\"wpb_text_column wpb_content_element  vc_custom_1692144829235\" >\n\t<div class=\"wpb_wrapper\">\n\t\t<h2>Technical Drawing<\/h2>\n\t<\/div>\n<\/div>\n\n\n\n\n<div class=\"wpb_text_column wpb_content_element  vc_custom_1695497922947\" >\n\t<div class=\"wpb_wrapper\">\n\t\t<div>\n<p align=\"justify\">Technical drawing plays an essential role in every design and manufacturing process. At Abraham, we understand the crucial importance of accurate, detailed, and innovative technical drawing to bring your ideas to reality. We are a team of passionate experts in design, specializing in the art of technical drawing. Our approach is guided by a combination of experience, creativity, and mastery of the latest technological tools, to provide you with technical drawing solutions that exceed your expectations.<\/p>\n<\/div>\n\t<\/div>\n<\/div>\n\n\n\n\n<div class=\"wpb_text_column wpb_content_element  vc_custom_1695497929096\" >\n\t<div class=\"wpb_wrapper\">\n\t\t<p align=\"justify\">Every detail matters in the world of manufacturing. That's why we are committed to providing technical drawings of exceptional precision. Our team consists of skilled drafters who pay attention to the smallest specifications, dimensions, and tolerances. With our rigorous and meticulous approach, you can trust the quality of our drawings to guide every step of your manufacturing process.<\/p>\n\t<\/div>\n<\/div>\n\n\n\n\n\t\t\t<\/div> \n\t\t<\/div>\n\t<\/div> \n\n\t<div  class=\"vc_col-sm-6 wpb_column column_container vc_column_container col has-animation no-extra-padding padding-10-percent_tablet padding-10-percent_phone\"  data-padding-pos=\"right\" data-has-bg-color=\"false\" data-bg-color=\"\" data-bg-opacity=\"1\" data-animation=\"grow-in\" data-delay=\"800\" >\n\t\t<div class=\"vc_column-inner\" >\n\t\t\t<div class=\"wpb_wrapper\">\n\t\t\t\t<div class=\"nectar_cascading_images forced-aspect aspect-4-3\" data-border-radius=\"5px\" data-parallax=\"\" data-parallax-intensity=\"subtle\" data-animation-timing=\"175\"><div class=\"cascading-image\" data-has-img=\"false\" style=\" padding:27%;\" data-max-width=\"100%\" data-max-width-mobile=\"100%\" data-animation=\"grow-in\" data-shadow=\"x_large_depth\"><div class=\"inner-wrap\"><div class=\"bg-layer\" data-scale=\"1\" style=\"transform: scale(1)\"><div class=\"bg-color\" style=\" -webkit-transform:translateX(25%) translateY(40%) ; -ms-transform:translateX(25%) translateY(40%) ; transform: translateX(25%) translateY(40%) ; background-color: #000000;\" data-has-bg-color=\"true\"><\/div><\/div><\/div><\/div><div class=\"cascading-image\" data-has-img=\"true\" style=\" padding:27%;\" data-max-width=\"100%\" data-max-width-mobile=\"100%\" data-animation=\"grow-in\" data-shadow=\"x_large_depth\"><div class=\"inner-wrap\"><div class=\"bg-layer\" data-scale=\"1\" style=\"transform: scale(1)\"><div style=\" -webkit-transform:translateX(75%) translateY(75%) ; transform:translateX(75%) translateY(75%) ;\" class=\"img-wrap lazy-enabled\"> <img loading=\"lazy\" decoding=\"async\" src=\"data:image\/svg+xml;charset=utf-8,%3Csvg%20xmlns%3D'http%3A%2F%2Fwww.w3.org%2F2000%2Fsvg'%20viewBox%3D'0%200%20630%20460'%2F%3E\" data-nectar-img-src=\"https:\/\/abrahamdrawings.com\/wp-content\/uploads\/2023\/09\/2.jpg\" data-nectar-img-srcset=\"https:\/\/abrahamdrawings.com\/wp-content\/uploads\/2023\/09\/2.jpg 630w, https:\/\/abrahamdrawings.com\/wp-content\/uploads\/2023\/09\/2-300x219.jpg 300w, https:\/\/abrahamdrawings.com\/wp-content\/uploads\/2023\/09\/2-16x12.jpg 16w\" sizes=\"auto, (min-width: 1000px) 45vw, 100vw\" height=\"460\" width=\"630\" class=\"skip-lazy nectar-lazy\" alt=\"\" \/> <\/div><\/div><\/div><\/div><div class=\"cascading-image\" data-has-img=\"true\" style=\" padding:27%;\" data-max-width=\"100%\" data-max-width-mobile=\"100%\" data-animation=\"grow-in\" data-shadow=\"x_large_depth\"><div class=\"inner-wrap\"><div class=\"bg-layer\" data-scale=\"1\" style=\"transform: scale(1)\"><div style=\" -webkit-transform:translateX(-25%) translateY(-40%) ; transform:translateX(-25%) translateY(-40%) ;\" class=\"img-wrap lazy-enabled\"> <img loading=\"lazy\" decoding=\"async\" src=\"data:image\/svg+xml;charset=utf-8,%3Csvg%20xmlns%3D'http%3A%2F%2Fwww.w3.org%2F2000%2Fsvg'%20viewBox%3D'0%200%20630%20460'%2F%3E\" data-nectar-img-src=\"https:\/\/abrahamdrawings.com\/wp-content\/uploads\/2023\/09\/1.jpg\" data-nectar-img-srcset=\"https:\/\/abrahamdrawings.com\/wp-content\/uploads\/2023\/09\/1.jpg 630w, https:\/\/abrahamdrawings.com\/wp-content\/uploads\/2023\/09\/1-300x219.jpg 300w, https:\/\/abrahamdrawings.com\/wp-content\/uploads\/2023\/09\/1-16x12.jpg 16w\" sizes=\"auto, (min-width: 1000px) 45vw, 100vw\" height=\"460\" width=\"630\" class=\"skip-lazy nectar-lazy\" alt=\"\" \/> <\/div><\/div><\/div><\/div><\/div>\n\t\t\t<\/div> \n\t\t<\/div>\n\t<\/div> \n<\/div><\/div>\n\t\t<div id=\"fws_69e07c836aff8\"  data-column-margin=\"default\" data-midnight=\"dark\"  class=\"wpb_row vc_row-fluid vc_row full-width-section  top_margin_0px right_margin_0px bottom_margin_0px left_margin_0px right_padding_0px left_padding_0px\"  style=\"padding-top: 0px; padding-bottom: 0px; \"><div class=\"row-bg-wrap\" data-bg-animation=\"none\" data-bg-animation-delay=\"\" data-bg-overlay=\"false\"><div class=\"inner-wrap row-bg-layer\" ><div class=\"row-bg viewport-desktop using-bg-color\"  style=\"background-color: #d6caba; \"><\/div><\/div><\/div><div class=\"nectar-shape-divider-wrap\" style=\" height:100px;\"  data-height=\"100\" data-front=\"true\" data-style=\"fan\" data-position=\"top\" ><svg class=\"nectar-shape-divider\" aria-hidden=\"true\" fill=\"#000000\" xmlns=\"http:\/\/www.w3.org\/2000\/svg\" viewbox=\"0 0 1003.92 91\" preserveaspectratio=\"none\"> <polygon class=\"cls-1\" points=\"502.46 46.31 1 85.67 1 91.89 1002.91 91.89 1002.91 85.78 502.46 46.31\"\/><polygon class=\"cls-2\" points=\"502.46 45.8 1 0 1 91.38 1002.91 91.38 1002.91 0.1 502.46 45.8\"\/><rect class=\"cls-3\" y=\"45.81\" width=\"1003.92\" height=\"46.09\"\/>\n          <\/svg><\/div><div class=\"row_col_wrap_12 col span_12 dark left\">\n\t<div  class=\"vc_col-sm-12 wpb_column column_container vc_column_container col no-extra-padding inherit_tablet inherit_phone\"  data-padding-pos=\"all\" data-has-bg-color=\"false\" data-bg-color=\"\" data-bg-opacity=\"1\" data-animation=\"\" data-delay=\"0\" >\n\t\t<div class=\"vc_column-inner\" >\n\t\t\t<div class=\"wpb_wrapper\">\n\t\t\t\t<div class=\"divider-wrap\" data-alignment=\"default\"><div style=\"height: 100px;\" class=\"divider\"><\/div><\/div>\n\t\t\t<\/div> \n\t\t<\/div>\n\t<\/div> \n<\/div><\/div>","protected":false},"excerpt":{"rendered":"Dessin Technique Le dessin technique joue un r\u00f4le essentiel dans tout processus de conception et de fabrication. Chez Abraham nous comprenons l'importance cruciale d'un dessin technique pr\u00e9cis, d\u00e9taill\u00e9 et innovant...","protected":false},"author":1,"featured_media":0,"parent":0,"menu_order":0,"comment_status":"closed","ping_status":"closed","template":"","meta":{"_monsterinsights_skip_tracking":false,"_monsterinsights_sitenote_active":false,"_monsterinsights_sitenote_note":"","_monsterinsights_sitenote_category":0,"footnotes":""},"class_list":["post-9","page","type-page","status-publish"],"yoast_head":"<!-- This site is optimized with the Yoast SEO plugin v27.4 - https:\/\/yoast.com\/product\/yoast-seo-wordpress\/ -->\n<title>Abraham Drawings - Dessin technique<\/title>\n<meta name=\"description\" content=\"Dessin technique - Chez Abraham nous comprenons l\u2019importance d\u2019un dessin technique d\u00e9taill\u00e9 et innovant pour transformer vos id\u00e9es en r\u00e9alit\u00e9.\" \/>\n<meta name=\"robots\" content=\"index, follow, max-snippet:-1, max-image-preview:large, max-video-preview:-1\" \/>\n<link rel=\"canonical\" href=\"https:\/\/abrahamdrawings.com\/en\/dessin-technique\/\" \/>\n<meta property=\"og:locale\" content=\"en_US\" \/>\n<meta property=\"og:type\" content=\"article\" \/>\n<meta property=\"og:title\" content=\"Abraham Drawings - Dessin technique\" \/>\n<meta property=\"og:description\" content=\"Dessin technique - Chez Abraham nous comprenons l\u2019importance d\u2019un dessin technique d\u00e9taill\u00e9 et innovant pour transformer vos id\u00e9es en r\u00e9alit\u00e9.\" \/>\n<meta property=\"og:url\" content=\"https:\/\/abrahamdrawings.com\/en\/dessin-technique\/\" \/>\n<meta property=\"og:site_name\" content=\"Abraham Drawings\" \/>\n<meta property=\"article:modified_time\" content=\"2023-10-09T18:01:37+00:00\" \/>\n<meta name=\"twitter:card\" content=\"summary_large_image\" \/>\n<meta name=\"twitter:label1\" content=\"Est. reading time\" \/>\n\t<meta name=\"twitter:data1\" content=\"2 minutes\" \/>\n<script type=\"application\/ld+json\" class=\"yoast-schema-graph\">{\"@context\":\"https:\\\/\\\/schema.org\",\"@graph\":[{\"@type\":\"WebPage\",\"@id\":\"https:\\\/\\\/abrahamdrawings.com\\\/dessin-technique\\\/\",\"url\":\"https:\\\/\\\/abrahamdrawings.com\\\/dessin-technique\\\/\",\"name\":\"Abraham Drawings - Dessin technique\",\"isPartOf\":{\"@id\":\"https:\\\/\\\/abrahamdrawings.com\\\/#website\"},\"datePublished\":\"2023-08-15T02:32:06+00:00\",\"dateModified\":\"2023-10-09T18:01:37+00:00\",\"description\":\"Dessin technique - Chez Abraham nous comprenons l\u2019importance d\u2019un dessin technique d\u00e9taill\u00e9 et innovant pour transformer vos id\u00e9es en r\u00e9alit\u00e9.\",\"breadcrumb\":{\"@id\":\"https:\\\/\\\/abrahamdrawings.com\\\/dessin-technique\\\/#breadcrumb\"},\"inLanguage\":\"en-US\",\"potentialAction\":[{\"@type\":\"ReadAction\",\"target\":[\"https:\\\/\\\/abrahamdrawings.com\\\/dessin-technique\\\/\"]}]},{\"@type\":\"BreadcrumbList\",\"@id\":\"https:\\\/\\\/abrahamdrawings.com\\\/dessin-technique\\\/#breadcrumb\",\"itemListElement\":[{\"@type\":\"ListItem\",\"position\":1,\"name\":\"Accueil\",\"item\":\"https:\\\/\\\/abrahamdrawings.com\\\/\"},{\"@type\":\"ListItem\",\"position\":2,\"name\":\"Dessin technique\"}]},{\"@type\":\"WebSite\",\"@id\":\"https:\\\/\\\/abrahamdrawings.com\\\/#website\",\"url\":\"https:\\\/\\\/abrahamdrawings.com\\\/\",\"name\":\"Abraham Drawings Centre de Dessin Technique\",\"description\":\"Centre de dessin technique\",\"publisher\":{\"@id\":\"https:\\\/\\\/abrahamdrawings.com\\\/#organization\"},\"alternateName\":\"Abraham Drawings\",\"potentialAction\":[{\"@type\":\"SearchAction\",\"target\":{\"@type\":\"EntryPoint\",\"urlTemplate\":\"https:\\\/\\\/abrahamdrawings.com\\\/?s={search_term_string}\"},\"query-input\":{\"@type\":\"PropertyValueSpecification\",\"valueRequired\":true,\"valueName\":\"search_term_string\"}}],\"inLanguage\":\"en-US\"},{\"@type\":\"Organization\",\"@id\":\"https:\\\/\\\/abrahamdrawings.com\\\/#organization\",\"name\":\"Abraham Drawings Centre de Dessin Technique\",\"url\":\"https:\\\/\\\/abrahamdrawings.com\\\/\",\"logo\":{\"@type\":\"ImageObject\",\"inLanguage\":\"en-US\",\"@id\":\"https:\\\/\\\/abrahamdrawings.com\\\/#\\\/schema\\\/logo\\\/image\\\/\",\"url\":\"https:\\\/\\\/abrahamdrawings.com\\\/wp-content\\\/uploads\\\/2023\\\/09\\\/logo_main.png\",\"contentUrl\":\"https:\\\/\\\/abrahamdrawings.com\\\/wp-content\\\/uploads\\\/2023\\\/09\\\/logo_main.png\",\"width\":786,\"height\":507,\"caption\":\"Abraham Drawings Centre de Dessin Technique\"},\"image\":{\"@id\":\"https:\\\/\\\/abrahamdrawings.com\\\/#\\\/schema\\\/logo\\\/image\\\/\"}}]}<\/script>\n<!-- \/ Yoast SEO plugin. -->","yoast_head_json":{"title":"Abraham Drawings - Dessin technique","description":"Dessin technique - Chez Abraham nous comprenons l\u2019importance d\u2019un dessin technique d\u00e9taill\u00e9 et innovant pour transformer vos id\u00e9es en r\u00e9alit\u00e9.","robots":{"index":"index","follow":"follow","max-snippet":"max-snippet:-1","max-image-preview":"max-image-preview:large","max-video-preview":"max-video-preview:-1"},"canonical":"https:\/\/abrahamdrawings.com\/en\/dessin-technique\/","og_locale":"en_US","og_type":"article","og_title":"Abraham Drawings - Dessin technique","og_description":"Dessin technique - Chez Abraham nous comprenons l\u2019importance d\u2019un dessin technique d\u00e9taill\u00e9 et innovant pour transformer vos id\u00e9es en r\u00e9alit\u00e9.","og_url":"https:\/\/abrahamdrawings.com\/en\/dessin-technique\/","og_site_name":"Abraham Drawings","article_modified_time":"2023-10-09T18:01:37+00:00","twitter_card":"summary_large_image","twitter_misc":{"Est. reading time":"2 minutes"},"schema":{"@context":"https:\/\/schema.org","@graph":[{"@type":"WebPage","@id":"https:\/\/abrahamdrawings.com\/dessin-technique\/","url":"https:\/\/abrahamdrawings.com\/dessin-technique\/","name":"Abraham Drawings - Dessin technique","isPartOf":{"@id":"https:\/\/abrahamdrawings.com\/#website"},"datePublished":"2023-08-15T02:32:06+00:00","dateModified":"2023-10-09T18:01:37+00:00","description":"Dessin technique - Chez Abraham nous comprenons l\u2019importance d\u2019un dessin technique d\u00e9taill\u00e9 et innovant pour transformer vos id\u00e9es en r\u00e9alit\u00e9.","breadcrumb":{"@id":"https:\/\/abrahamdrawings.com\/dessin-technique\/#breadcrumb"},"inLanguage":"en-US","potentialAction":[{"@type":"ReadAction","target":["https:\/\/abrahamdrawings.com\/dessin-technique\/"]}]},{"@type":"BreadcrumbList","@id":"https:\/\/abrahamdrawings.com\/dessin-technique\/#breadcrumb","itemListElement":[{"@type":"ListItem","position":1,"name":"Accueil","item":"https:\/\/abrahamdrawings.com\/"},{"@type":"ListItem","position":2,"name":"Dessin technique"}]},{"@type":"WebSite","@id":"https:\/\/abrahamdrawings.com\/#website","url":"https:\/\/abrahamdrawings.com\/","name":"Abraham Drawings Centre de Dessin Technique","description":"Centre de dessin technique","publisher":{"@id":"https:\/\/abrahamdrawings.com\/#organization"},"alternateName":"Abraham Drawings","potentialAction":[{"@type":"SearchAction","target":{"@type":"EntryPoint","urlTemplate":"https:\/\/abrahamdrawings.com\/?s={search_term_string}"},"query-input":{"@type":"PropertyValueSpecification","valueRequired":true,"valueName":"search_term_string"}}],"inLanguage":"en-US"},{"@type":"Organization","@id":"https:\/\/abrahamdrawings.com\/#organization","name":"Abraham Drawings Centre de Dessin Technique","url":"https:\/\/abrahamdrawings.com\/","logo":{"@type":"ImageObject","inLanguage":"en-US","@id":"https:\/\/abrahamdrawings.com\/#\/schema\/logo\/image\/","url":"https:\/\/abrahamdrawings.com\/wp-content\/uploads\/2023\/09\/logo_main.png","contentUrl":"https:\/\/abrahamdrawings.com\/wp-content\/uploads\/2023\/09\/logo_main.png","width":786,"height":507,"caption":"Abraham Drawings Centre de Dessin Technique"},"image":{"@id":"https:\/\/abrahamdrawings.com\/#\/schema\/logo\/image\/"}}]}},"_links":{"self":[{"href":"https:\/\/abrahamdrawings.com\/en\/wp-json\/wp\/v2\/pages\/9","targetHints":{"allow":["GET"]}}],"collection":[{"href":"https:\/\/abrahamdrawings.com\/en\/wp-json\/wp\/v2\/pages"}],"about":[{"href":"https:\/\/abrahamdrawings.com\/en\/wp-json\/wp\/v2\/types\/page"}],"author":[{"embeddable":true,"href":"https:\/\/abrahamdrawings.com\/en\/wp-json\/wp\/v2\/users\/1"}],"replies":[{"embeddable":true,"href":"https:\/\/abrahamdrawings.com\/en\/wp-json\/wp\/v2\/comments?post=9"}],"version-history":[{"count":5,"href":"https:\/\/abrahamdrawings.com\/en\/wp-json\/wp\/v2\/pages\/9\/revisions"}],"predecessor-version":[{"id":353,"href":"https:\/\/abrahamdrawings.com\/en\/wp-json\/wp\/v2\/pages\/9\/revisions\/353"}],"wp:attachment":[{"href":"https:\/\/abrahamdrawings.com\/en\/wp-json\/wp\/v2\/media?parent=9"}],"curies":[{"name":"wp","href":"https:\/\/api.w.org\/{rel}","templated":true}]}}